{"id":255,"date":"2024-02-13T15:27:54","date_gmt":"2024-02-13T14:27:54","guid":{"rendered":"https:\/\/fannysdesign.com\/?page_id=255"},"modified":"2025-08-25T13:13:12","modified_gmt":"2025-08-25T11:13:12","slug":"about","status":"publish","type":"page","link":"https:\/\/fannysdesign.com\/en\/rolam\/","title":{"rendered":"About me"},"content":{"rendered":"<div data-elementor-type=\"wp-page\" data-elementor-id=\"255\" class=\"elementor elementor-255\" data-elementor-post-type=\"page\">\n\t\t\t\t<div class=\"elementor-element elementor-element-18f30fd gradient-background-hero e-flex e-con-boxed e-con e-child\" data-id=\"18f30fd\" data-element_type=\"container\" data-e-type=\"container\" id=\"1\" data-settings=\"{&quot;background_background&quot;:&quot;classic&quot;}\">\n\t\t\t\t\t<div class=\"e-con-inner\">\n\t\t<div class=\"elementor-element elementor-element-b2c7cd6 e-flex e-con-boxed e-con e-child\" data-id=\"b2c7cd6\" data-element_type=\"container\" data-e-type=\"container\">\n\t\t\t\t\t<div class=\"e-con-inner\">\n\t\t\t\t<div class=\"elementor-element elementor-element-daf9a4e elementor-widget elementor-widget-heading\" data-id=\"daf9a4e\" data-element_type=\"widget\" data-e-type=\"widget\" data-widget_type=\"heading.default\">\n\t\t\t\t<div class=\"elementor-widget-container\">\n\t\t\t\t\t<h1 class=\"elementor-heading-title elementor-size-default\">About me<\/h1>\t\t\t\t<\/div>\n\t\t\t\t<\/div>\n\t\t\t\t\t<\/div>\n\t\t\t\t<\/div>\n\t\t\t\t\t<\/div>\n\t\t\t\t<\/div>\n\t\t<div class=\"elementor-element elementor-element-42163262 e-flex e-con-boxed e-con e-parent\" data-id=\"42163262\" data-element_type=\"container\" data-e-type=\"container\" data-settings=\"{&quot;background_background&quot;:&quot;classic&quot;}\">\n\t\t\t\t\t<div class=\"e-con-inner\">\n\t\t<div class=\"elementor-element elementor-element-b6febf3 e-con-full e-flex e-con e-child\" data-id=\"b6febf3\" data-element_type=\"container\" data-e-type=\"container\">\n\t\t<div class=\"elementor-element elementor-element-1f9016df e-con-full gradient-drop-shadow animated-slow e-flex elementor-invisible e-con e-child\" data-id=\"1f9016df\" data-element_type=\"container\" data-e-type=\"container\" data-settings=\"{&quot;background_background&quot;:&quot;classic&quot;,&quot;animation&quot;:&quot;fadeIn&quot;}\">\n\t\t<div class=\"elementor-element elementor-element-2a69b9ba e-con-full e-flex e-con e-child\" data-id=\"2a69b9ba\" data-element_type=\"container\" data-e-type=\"container\" data-settings=\"{&quot;background_background&quot;:&quot;classic&quot;}\">\n\t\t\t\t<\/div>\n\t\t<div class=\"elementor-element elementor-element-505cd128 e-flex e-con-boxed e-con e-child\" data-id=\"505cd128\" data-element_type=\"container\" data-e-type=\"container\">\n\t\t\t\t\t<div class=\"e-con-inner\">\n\t\t\t\t<div class=\"elementor-element elementor-element-1fcd5990 elementor-widget elementor-widget-heading\" data-id=\"1fcd5990\" data-element_type=\"widget\" data-e-type=\"widget\" data-widget_type=\"heading.default\">\n\t\t\t\t<div class=\"elementor-widget-container\">\n\t\t\t\t\t<h2 class=\"elementor-heading-title elementor-size-default\">Hi, I'm Fanny!<\/h2>\t\t\t\t<\/div>\n\t\t\t\t<\/div>\n\t\t\t\t<div class=\"elementor-element elementor-element-771130af elementor-widget elementor-widget-text-editor\" data-id=\"771130af\" data-element_type=\"widget\" data-e-type=\"widget\" data-widget_type=\"text-editor.default\">\n\t\t\t\t<div class=\"elementor-widget-container\">\n\t\t\t\t\t\t\t\t\t<p class=\"\" data-start=\"165\" data-end=\"346\">I\u2019ve been drawn to the world of art since childhood \u2013 for as long as I can remember, I\u2019ve always been drawing. I started with pencil and markers, and later I was able to express my creativity digitally on an iPad.<\/p><p class=\"\" data-start=\"348\" data-end=\"763\">I originally graduated as a fashion designer and worked as an illustrator for nearly ten years, while life took me in many different directions. Two years ago, I turned to web design, and I was instantly captivated by it. I started with smaller courses, then completed a comprehensive program to dive into this field more seriously. Since then, I have been continuously developing my skills \u2013 I believe that in this profession, learning never truly ends.<\/p><p class=\"\" data-start=\"765\" data-end=\"1069\">When it comes to website creation, my main strength lies in visual design, but I also work from a solid technical foundation. For me, the frontend and backend go hand in hand \u2013 because a good website is not only beautiful but also functions reliably. This balance is what makes this profession truly exciting for me.<\/p>\t\t\t\t\t\t\t\t<\/div>\n\t\t\t\t<\/div>\n\t\t\t\t<div class=\"elementor-element elementor-element-6835a09e gradient-hover elementor-mobile-align-center elementor-tablet-align-center elementor-widget elementor-widget-button\" data-id=\"6835a09e\" data-element_type=\"widget\" data-e-type=\"widget\" id=\"tovabb-rolam\" data-widget_type=\"button.default\">\n\t\t\t\t<div class=\"elementor-widget-container\">\n\t\t\t\t\t\t\t\t\t<div class=\"elementor-button-wrapper\">\n\t\t\t\t\t<a class=\"elementor-button elementor-button-link elementor-size-sm\" href=\"#miert-a-weboldalak\">\n\t\t\t\t\t\t<span class=\"elementor-button-content-wrapper\">\n\t\t\t\t\t\t<span class=\"elementor-button-icon\">\n\t\t\t\t<svg aria-hidden=\"true\" class=\"e-font-icon-svg e-fas-angle-right\" viewbox=\"0 0 256 512\" xmlns=\"http:\/\/www.w3.org\/2000\/svg\"><path d=\"M224.3 273l-136 136c-9.4 9.4-24.6 9.4-33.9 0l-22.6-22.6c-9.4-9.4-9.4-24.6 0-33.9l96.4-96.4-96.4-96.4c-9.4-9.4-9.4-24.6 0-33.9L54.3 103c9.4-9.4 24.6-9.4 33.9 0l136 136c9.5 9.4 9.5 24.6.1 34z\"><\/path><\/svg>\t\t\t<\/span>\n\t\t\t\t\t\t\t\t\t<span class=\"elementor-button-text\">Why Websites?<\/span>\n\t\t\t\t\t<\/span>\n\t\t\t\t\t<\/a>\n\t\t\t\t<\/div>\n\t\t\t\t\t\t\t\t<\/div>\n\t\t\t\t<\/div>\n\t\t\t\t\t<\/div>\n\t\t\t\t<\/div>\n\t\t\t\t<\/div>\n\t\t\t\t<\/div>\n\t\t\t\t\t<\/div>\n\t\t\t\t<\/div>\n\t\t<div class=\"elementor-element elementor-element-b0b7dd5 e-flex e-con-boxed e-con e-parent\" data-id=\"b0b7dd5\" data-element_type=\"container\" data-e-type=\"container\" id=\"miert-a-weboldalak\" data-settings=\"{&quot;background_background&quot;:&quot;classic&quot;}\">\n\t\t\t\t\t<div class=\"e-con-inner\">\n\t\t<div class=\"elementor-element elementor-element-b955d08 e-con-full animated-slow e-flex elementor-invisible e-con e-child\" data-id=\"b955d08\" data-element_type=\"container\" data-e-type=\"container\" data-settings=\"{&quot;background_background&quot;:&quot;classic&quot;,&quot;animation&quot;:&quot;fadeIn&quot;}\">\n\t\t\t\t<div class=\"elementor-element elementor-element-46d0c80 elementor-widget elementor-widget-heading\" data-id=\"46d0c80\" data-element_type=\"widget\" data-e-type=\"widget\" data-widget_type=\"heading.default\">\n\t\t\t\t<div class=\"elementor-widget-container\">\n\t\t\t\t\t<h2 class=\"elementor-heading-title elementor-size-default\">Why Websites?<\/h2>\t\t\t\t<\/div>\n\t\t\t\t<\/div>\n\t\t\t\t<div class=\"elementor-element elementor-element-9a59e8c elementor-widget elementor-widget-text-editor\" data-id=\"9a59e8c\" data-element_type=\"widget\" data-e-type=\"widget\" data-widget_type=\"text-editor.default\">\n\t\t\t\t<div class=\"elementor-widget-container\">\n\t\t\t\t\t\t\t\t\t<p class=\"\" data-start=\"144\" data-end=\"394\">Design has always played an important role in my life, but I never felt it was enough to focus solely on fine arts. I was looking for a field where, in addition to visual thinking, I could also understand the logic of systems and the connections between them.<\/p><p class=\"\" data-start=\"396\" data-end=\"805\">For me, website creation is the perfect meeting point of creativity and structured thinking. What I love most about it is that every project presents a new challenge \u2013 and every solution is also an opportunity to learn. There\u2019s no such thing as \u201cfinished\u201d: there is always something to refine, improve, or enhance \u2013 both on a technical and design level. This constant motion and growth are what make this profession truly exciting for me.<\/p>\t\t\t\t\t\t\t\t<\/div>\n\t\t\t\t<\/div>\n\t\t\t\t<div class=\"elementor-element elementor-element-a8cec9b gradient-hover elementor-mobile-align-center elementor-tablet-align-center elementor-widget elementor-widget-button\" data-id=\"a8cec9b\" data-element_type=\"widget\" data-e-type=\"widget\" data-widget_type=\"button.default\">\n\t\t\t\t<div class=\"elementor-widget-container\">\n\t\t\t\t\t\t\t\t\t<div class=\"elementor-button-wrapper\">\n\t\t\t\t\t<a class=\"elementor-button elementor-button-link elementor-size-sm\" href=\"#milyen-a-kozos-munka\">\n\t\t\t\t\t\t<span class=\"elementor-button-content-wrapper\">\n\t\t\t\t\t\t<span class=\"elementor-button-icon\">\n\t\t\t\t<svg aria-hidden=\"true\" class=\"e-font-icon-svg e-fas-angle-right\" viewbox=\"0 0 256 512\" xmlns=\"http:\/\/www.w3.org\/2000\/svg\"><path d=\"M224.3 273l-136 136c-9.4 9.4-24.6 9.4-33.9 0l-22.6-22.6c-9.4-9.4-9.4-24.6 0-33.9l96.4-96.4-96.4-96.4c-9.4-9.4-9.4-24.6 0-33.9L54.3 103c9.4-9.4 24.6-9.4 33.9 0l136 136c9.5 9.4 9.5 24.6.1 34z\"><\/path><\/svg>\t\t\t<\/span>\n\t\t\t\t\t\t\t\t\t<span class=\"elementor-button-text\">What Will Working Together Be Like?<\/span>\n\t\t\t\t\t<\/span>\n\t\t\t\t\t<\/a>\n\t\t\t\t<\/div>\n\t\t\t\t\t\t\t\t<\/div>\n\t\t\t\t<\/div>\n\t\t\t\t<div class=\"elementor-element elementor-element-667784e elementor-widget elementor-widget-menu-anchor\" data-id=\"667784e\" data-element_type=\"widget\" data-e-type=\"widget\" data-widget_type=\"menu-anchor.default\">\n\t\t\t\t<div class=\"elementor-widget-container\">\n\t\t\t\t\t\t\t<div class=\"elementor-menu-anchor\" id=\"milyen-a-kozos-munka\"><\/div>\n\t\t\t\t\t\t<\/div>\n\t\t\t\t<\/div>\n\t\t\t\t<\/div>\n\t\t<div class=\"elementor-element elementor-element-03ef558 e-con-full animated-slow e-flex elementor-invisible e-con e-child\" data-id=\"03ef558\" data-element_type=\"container\" data-e-type=\"container\" data-settings=\"{&quot;animation&quot;:&quot;fadeIn&quot;,&quot;animation_delay&quot;:200,&quot;background_background&quot;:&quot;classic&quot;}\">\n\t\t\t\t<\/div>\n\t\t\t\t\t<\/div>\n\t\t\t\t<\/div>\n\t\t<div class=\"elementor-element elementor-element-516863d gradient-background e-flex e-con-boxed e-con e-parent\" data-id=\"516863d\" data-element_type=\"container\" data-e-type=\"container\" data-settings=\"{&quot;background_background&quot;:&quot;classic&quot;}\">\n\t\t\t\t\t<div class=\"e-con-inner\">\n\t\t<div class=\"elementor-element elementor-element-0bea7a7 e-con-full animated-slow e-flex elementor-invisible e-con e-child\" data-id=\"0bea7a7\" data-element_type=\"container\" data-e-type=\"container\" data-settings=\"{&quot;animation&quot;:&quot;fadeIn&quot;,&quot;animation_delay&quot;:600,&quot;background_background&quot;:&quot;classic&quot;}\">\n\t\t\t\t<\/div>\n\t\t<div class=\"elementor-element elementor-element-ce38829 e-con-full animated-slow e-flex elementor-invisible e-con e-child\" data-id=\"ce38829\" data-element_type=\"container\" data-e-type=\"container\" data-settings=\"{&quot;animation&quot;:&quot;fadeIn&quot;,&quot;animation_delay&quot;:400}\">\n\t\t\t\t<div class=\"elementor-element elementor-element-e0c1a0e elementor-widget elementor-widget-heading\" data-id=\"e0c1a0e\" data-element_type=\"widget\" data-e-type=\"widget\" data-widget_type=\"heading.default\">\n\t\t\t\t<div class=\"elementor-widget-container\">\n\t\t\t\t\t<h2 class=\"elementor-heading-title elementor-size-default\">What Will Working Together Be Like?<\/h2>\t\t\t\t<\/div>\n\t\t\t\t<\/div>\n\t\t\t\t<div class=\"elementor-element elementor-element-21a9f93 elementor-widget elementor-widget-text-editor\" data-id=\"21a9f93\" data-element_type=\"widget\" data-e-type=\"widget\" data-widget_type=\"text-editor.default\">\n\t\t\t\t<div class=\"elementor-widget-container\">\n\t\t\t\t\t\t\t\t\t<p class=\"\" data-start=\"137\" data-end=\"388\">It\u2019s especially important to me that my clients feel safe and valued throughout our collaboration. Every project is unique, so I always take the time to thoroughly understand the purpose of the website \u2013 the direction we want to go.<\/p><p class=\"\" data-start=\"390\" data-end=\"609\">The path to that goal consists of many smaller steps, each just as important as the next. Thoughtful planning is followed by precise execution and then thorough testing \u2013 all carried out in close collaboration with ongoing communication throughout the process.<\/p><p class=\"\" data-start=\"611\" data-end=\"787\">With me, there are no \u201cbad questions\u201d \u2013 every piece of feedback is valuable, as our shared goal is to create a final result that truly works and that both of us can be proud of.<\/p>\t\t\t\t\t\t\t\t<\/div>\n\t\t\t\t<\/div>\n\t\t\t\t<div class=\"elementor-element elementor-element-598c401 gradient-hover elementor-mobile-align-center elementor-tablet-align-center elementor-widget elementor-widget-button\" data-id=\"598c401\" data-element_type=\"widget\" data-e-type=\"widget\" data-widget_type=\"button.default\">\n\t\t\t\t<div class=\"elementor-widget-container\">\n\t\t\t\t\t\t\t\t\t<div class=\"elementor-button-wrapper\">\n\t\t\t\t\t<a class=\"elementor-button elementor-button-link elementor-size-sm\" href=\"#miert-dolgozz-velem\">\n\t\t\t\t\t\t<span class=\"elementor-button-content-wrapper\">\n\t\t\t\t\t\t<span class=\"elementor-button-icon\">\n\t\t\t\t<svg aria-hidden=\"true\" class=\"e-font-icon-svg e-fas-angle-right\" viewbox=\"0 0 256 512\" xmlns=\"http:\/\/www.w3.org\/2000\/svg\"><path d=\"M224.3 273l-136 136c-9.4 9.4-24.6 9.4-33.9 0l-22.6-22.6c-9.4-9.4-9.4-24.6 0-33.9l96.4-96.4-96.4-96.4c-9.4-9.4-9.4-24.6 0-33.9L54.3 103c9.4-9.4 24.6-9.4 33.9 0l136 136c9.5 9.4 9.5 24.6.1 34z\"><\/path><\/svg>\t\t\t<\/span>\n\t\t\t\t\t\t\t\t\t<span class=\"elementor-button-text\">Why you should work with me?<\/span>\n\t\t\t\t\t<\/span>\n\t\t\t\t\t<\/a>\n\t\t\t\t<\/div>\n\t\t\t\t\t\t\t\t<\/div>\n\t\t\t\t<\/div>\n\t\t\t\t<\/div>\n\t\t\t\t\t<\/div>\n\t\t\t\t<\/div>\n\t\t<div class=\"elementor-element elementor-element-ffc8e58 e-flex e-con-boxed e-con e-parent\" data-id=\"ffc8e58\" data-element_type=\"container\" data-e-type=\"container\" id=\"miert-dolgozz-velem\" data-settings=\"{&quot;background_background&quot;:&quot;classic&quot;}\">\n\t\t\t\t\t<div class=\"e-con-inner\">\n\t\t<div class=\"elementor-element elementor-element-6dbc70b e-con-full e-flex e-con e-child\" data-id=\"6dbc70b\" data-element_type=\"container\" data-e-type=\"container\" data-settings=\"{&quot;background_background&quot;:&quot;classic&quot;}\">\n\t\t\t\t<\/div>\n\t\t<div class=\"elementor-element elementor-element-60002ce e-con-full e-flex e-con e-child\" data-id=\"60002ce\" data-element_type=\"container\" data-e-type=\"container\" data-settings=\"{&quot;background_background&quot;:&quot;classic&quot;}\">\n\t\t<div class=\"elementor-element elementor-element-7b77707 e-con-full e-flex e-con e-child\" data-id=\"7b77707\" data-element_type=\"container\" data-e-type=\"container\">\n\t\t\t\t<div class=\"elementor-element elementor-element-68f6c78 elementor-widget__width-initial animated-slow elementor-invisible elementor-widget elementor-widget-heading\" data-id=\"68f6c78\" data-element_type=\"widget\" data-e-type=\"widget\" data-settings=\"{&quot;_animation&quot;:&quot;fadeIn&quot;}\" data-widget_type=\"heading.default\">\n\t\t\t\t<div class=\"elementor-widget-container\">\n\t\t\t\t\t<h2 class=\"elementor-heading-title elementor-size-default\">Why you should Work With Me on Your Website?<\/h2>\t\t\t\t<\/div>\n\t\t\t\t<\/div>\n\t\t\t\t<\/div>\n\t\t<div class=\"elementor-element elementor-element-d6ac710 e-con-full animated-slow e-flex elementor-invisible e-con e-child\" data-id=\"d6ac710\" data-element_type=\"container\" data-e-type=\"container\" data-settings=\"{&quot;animation&quot;:&quot;fadeIn&quot;,&quot;animation_delay&quot;:40}\">\n\t\t\t\t<div class=\"elementor-element elementor-element-eebb07a elementor-widget__width-initial elementor-widget elementor-widget-text-editor\" data-id=\"eebb07a\" data-element_type=\"widget\" data-e-type=\"widget\" data-widget_type=\"text-editor.default\">\n\t\t\t\t<div class=\"elementor-widget-container\">\n\t\t\t\t\t\t\t\t\t<p data-start=\"176\" data-end=\"612\">During the audit, I thoroughly examine all key aspects of your website. First, I check its technical performance: how fast the site loads, whether it\u2019s mobile-friendly, and if there are any security or functionality issues. After that, I focus on design and user experience (UX) \u2013 evaluating how clear the site structure is, whether it guides visitors effectively, and how well it meets today\u2019s visual expectations.<\/p><p data-start=\"614\" data-end=\"957\">An important part of the audit is content analysis: I assess the style and clarity of the text, as well as how well keywords and call-to-action (CTA) elements are placed. I also review the basics of search engine optimization \u2013 such as page titles, meta descriptions, heading structure, image naming, and internal linking.<\/p><p data-start=\"959\" data-end=\"1178\">At the end of the audit, you\u2019ll receive clear, actionable feedback from me: a summary of what works well on your site, where there are issues or opportunities for improvement, and specific recommendations for the next steps.<\/p>\t\t\t\t\t\t\t\t<\/div>\n\t\t\t\t<\/div>\n\t\t\t\t<div class=\"elementor-element elementor-element-2cee67a gradient-hover elementor-align-left elementor-widget elementor-widget-button\" data-id=\"2cee67a\" data-element_type=\"widget\" data-e-type=\"widget\" data-widget_type=\"button.default\">\n\t\t\t\t<div class=\"elementor-widget-container\">\n\t\t\t\t\t\t\t\t\t<div class=\"elementor-button-wrapper\">\n\t\t\t\t\t<a class=\"elementor-button elementor-button-link elementor-size-sm\" href=\"https:\/\/fannysdesign.com\/en\/contact\/\">\n\t\t\t\t\t\t<span class=\"elementor-button-content-wrapper\">\n\t\t\t\t\t\t<span class=\"elementor-button-icon\">\n\t\t\t\t<svg aria-hidden=\"true\" class=\"e-font-icon-svg e-fas-angle-right\" viewbox=\"0 0 256 512\" xmlns=\"http:\/\/www.w3.org\/2000\/svg\"><path d=\"M224.3 273l-136 136c-9.4 9.4-24.6 9.4-33.9 0l-22.6-22.6c-9.4-9.4-9.4-24.6 0-33.9l96.4-96.4-96.4-96.4c-9.4-9.4-9.4-24.6 0-33.9L54.3 103c9.4-9.4 24.6-9.4 33.9 0l136 136c9.5 9.4 9.5 24.6.1 34z\"><\/path><\/svg>\t\t\t<\/span>\n\t\t\t\t\t\t\t\t\t<span class=\"elementor-button-text\">I am asking for an offer<\/span>\n\t\t\t\t\t<\/span>\n\t\t\t\t\t<\/a>\n\t\t\t\t<\/div>\n\t\t\t\t\t\t\t\t<\/div>\n\t\t\t\t<\/div>\n\t\t\t\t<\/div>\n\t\t\t\t<\/div>\n\t\t\t\t\t<\/div>\n\t\t\t\t<\/div>\n\t\t\t\t<\/div>","protected":false},"excerpt":{"rendered":"<p>R\u00f3lam Szia, Fanny vagyok! Gyerekkorom \u00f3ta vonz a m\u0171v\u00e9szet vil\u00e1ga \u2013 ami\u00f3ta csak eml\u00e9kszem, mindig rajzoltam. Kezdetben ceruz\u00e1val \u00e9s filctollal, k\u00e9s\u0151bb pedig digit\u00e1lisan, iPad-en \u00e9lhettem ki a kreativit\u00e1somat. Eredetileg divattervez\u0151k\u00e9nt v\u00e9geztem, \u00e9s k\u00f6zel t\u00edz \u00e9vig dolgoztam illusztr\u00e1tork\u00e9nt, mik\u00f6zben az \u00e9let sokf\u00e9le ir\u00e1nyba sodort. K\u00e9t \u00e9ve fordultam a webdesign fel\u00e9, ami r\u00f6gt\u00f6n mag\u00e1val ragadott. Kezdetben kisebb [&hellip;]<\/p>\n","protected":false},"author":1,"featured_media":0,"parent":0,"menu_order":0,"comment_status":"closed","ping_status":"closed","template":"","meta":{"footnotes":""},"class_list":["post-255","page","type-page","status-publish","hentry"],"_links":{"self":[{"href":"https:\/\/fannysdesign.com\/en\/wp-json\/wp\/v2\/pages\/255","targetHints":{"allow":["GET"]}}],"collection":[{"href":"https:\/\/fannysdesign.com\/en\/wp-json\/wp\/v2\/pages"}],"about":[{"href":"https:\/\/fannysdesign.com\/en\/wp-json\/wp\/v2\/types\/page"}],"author":[{"embeddable":true,"href":"https:\/\/fannysdesign.com\/en\/wp-json\/wp\/v2\/users\/1"}],"replies":[{"embeddable":true,"href":"https:\/\/fannysdesign.com\/en\/wp-json\/wp\/v2\/comments?post=255"}],"version-history":[{"count":94,"href":"https:\/\/fannysdesign.com\/en\/wp-json\/wp\/v2\/pages\/255\/revisions"}],"predecessor-version":[{"id":2036,"href":"https:\/\/fannysdesign.com\/en\/wp-json\/wp\/v2\/pages\/255\/revisions\/2036"}],"wp:attachment":[{"href":"https:\/\/fannysdesign.com\/en\/wp-json\/wp\/v2\/media?parent=255"}],"curies":[{"name":"wp","href":"https:\/\/api.w.org\/{rel}","templated":true}]}}