{"id":943,"date":"2024-06-06T15:49:59","date_gmt":"2024-06-06T13:49:59","guid":{"rendered":"https:\/\/fannysdesign.com\/?page_id=943"},"modified":"2025-08-28T13:53:49","modified_gmt":"2025-08-28T11:53:49","slug":"blog","status":"publish","type":"page","link":"https:\/\/fannysdesign.com\/de\/blog\/","title":{"rendered":"Blog"},"content":{"rendered":"<div data-elementor-type=\"wp-page\" data-elementor-id=\"943\" class=\"elementor elementor-943\" data-elementor-post-type=\"page\">\n\t\t\t\t<div class=\"elementor-element elementor-element-4640edb e-con-full e-flex e-con e-parent\" data-id=\"4640edb\" data-element_type=\"container\" data-e-type=\"container\" data-settings=\"{&quot;background_background&quot;:&quot;classic&quot;}\">\n\t\t<div class=\"elementor-element elementor-element-1ce9bc6 gradient-background e-con-full e-flex e-con e-child\" data-id=\"1ce9bc6\" data-element_type=\"container\" data-e-type=\"container\" data-settings=\"{&quot;background_background&quot;:&quot;classic&quot;}\">\n\t\t<div class=\"elementor-element elementor-element-1aa3748 e-con-full e-flex e-con e-child\" data-id=\"1aa3748\" data-element_type=\"container\" data-e-type=\"container\">\n\t\t\t\t<div class=\"elementor-element elementor-element-4d0c4c9 elementor-widget elementor-widget-heading\" data-id=\"4d0c4c9\" data-element_type=\"widget\" data-e-type=\"widget\" data-widget_type=\"heading.default\">\n\t\t\t\t<div class=\"elementor-widget-container\">\n\t\t\t\t\t<h1 class=\"elementor-heading-title elementor-size-default\">Blog<\/h1>\t\t\t\t<\/div>\n\t\t\t\t<\/div>\n\t\t\t\t<\/div>\n\t\t\t\t<\/div>\n\t\t<div class=\"elementor-element elementor-element-89c1ae4 e-flex e-con-boxed e-con e-child\" data-id=\"89c1ae4\" data-element_type=\"container\" data-e-type=\"container\">\n\t\t\t\t\t<div class=\"e-con-inner\">\n\t\t\t\t<div class=\"elementor-element elementor-element-f16abcd elementor-grid-3 elementor-grid-tablet-2 elementor-grid-mobile-1 elementor-posts--thumbnail-top elementor-posts--show-avatar elementor-card-shadow-yes elementor-posts__hover-gradient elementor-widget elementor-widget-posts\" data-id=\"f16abcd\" data-element_type=\"widget\" data-e-type=\"widget\" data-settings=\"{&quot;cards_columns&quot;:&quot;3&quot;,&quot;cards_columns_tablet&quot;:&quot;2&quot;,&quot;cards_columns_mobile&quot;:&quot;1&quot;,&quot;cards_row_gap&quot;:{&quot;unit&quot;:&quot;px&quot;,&quot;size&quot;:35,&quot;sizes&quot;:[]},&quot;cards_row_gap_laptop&quot;:{&quot;unit&quot;:&quot;px&quot;,&quot;size&quot;:&quot;&quot;,&quot;sizes&quot;:[]},&quot;cards_row_gap_tablet&quot;:{&quot;unit&quot;:&quot;px&quot;,&quot;size&quot;:&quot;&quot;,&quot;sizes&quot;:[]},&quot;cards_row_gap_mobile&quot;:{&quot;unit&quot;:&quot;px&quot;,&quot;size&quot;:&quot;&quot;,&quot;sizes&quot;:[]}}\" data-widget_type=\"posts.cards\">\n\t\t\t\t<div class=\"elementor-widget-container\">\n\t\t\t\t\t\t\t<div class=\"elementor-posts-container elementor-posts elementor-posts--skin-cards elementor-grid\" role=\"list\">\n\t\t\t\t<article class=\"elementor-post elementor-grid-item post-952 post type-post status-publish format-standard has-post-thumbnail hentry category-szemelyes tag-rolam tag-tortenet tag-webdesign\" role=\"listitem\">\n\t\t\t<div class=\"elementor-post__card\">\n\t\t\t\t<a class=\"elementor-post__thumbnail__link\" href=\"https:\/\/fannysdesign.com\/de\/webdesign-es-en\/\" tabindex=\"-1\" ><div class=\"elementor-post__thumbnail\"><img fetchpriority=\"high\" decoding=\"async\" width=\"300\" height=\"300\" src=\"https:\/\/fannysdesign.com\/wp-content\/uploads\/2024\/02\/hemma-studio-hangulatkep-300x300.png\" class=\"attachment-medium size-medium wp-image-471\" alt=\"hemma-studio-hangulatkep\" srcset=\"https:\/\/fannysdesign.com\/wp-content\/uploads\/2024\/02\/hemma-studio-hangulatkep-300x300.png 300w, https:\/\/fannysdesign.com\/wp-content\/uploads\/2024\/02\/hemma-studio-hangulatkep-150x150.png 150w, https:\/\/fannysdesign.com\/wp-content\/uploads\/2024\/02\/hemma-studio-hangulatkep-768x768.png 768w, https:\/\/fannysdesign.com\/wp-content\/uploads\/2024\/02\/hemma-studio-hangulatkep.png 1024w\" sizes=\"(max-width: 300px) 100vw, 300px\" \/><\/div><\/a>\n\t\t\t\t<div class=\"elementor-post__badge\">Szem\u00e9lyes<\/div>\n\t\t\t\t<div class=\"elementor-post__avatar\">\n\t\t\t<img alt='Fanny' src='https:\/\/secure.gravatar.com\/avatar\/86d1a527390f6d2d259c3b0dc9d99cc8b24c5f29e56b1b18bb426df2920700cb?s=128&#038;d=mm&#038;r=g' srcset='https:\/\/secure.gravatar.com\/avatar\/86d1a527390f6d2d259c3b0dc9d99cc8b24c5f29e56b1b18bb426df2920700cb?s=256&#038;d=mm&#038;r=g 2x' class='avatar avatar-128 photo' height='128' width='128' \/>\t\t<\/div>\n\t\t\t\t<div class=\"elementor-post__text\">\n\t\t\t\t<h3 class=\"elementor-post__title\">\n\t\t\t<a href=\"https:\/\/fannysdesign.com\/de\/webdesign-es-en\/\" >\n\t\t\t\tWebdesign \u00e9s \u00e9n\t\t\t<\/a>\n\t\t<\/h3>\n\t\t\n\t\t<a class=\"elementor-post__read-more\" href=\"https:\/\/fannysdesign.com\/de\/webdesign-es-en\/\" aria-label=\"Mehr \u00fcber Webdesign \u00e9s \u00e9n\" tabindex=\"-1\" >\n\t\t\tTov\u00e1bb olvasom \u00bb\t\t<\/a>\n\n\t\t\t\t<\/div>\n\t\t\t\t<div class=\"elementor-post__meta-data\">\n\t\t\t\t\t<span class=\"elementor-post-date\">\n\t\t\t2024.06.06.\t\t<\/span>\n\t\t\t\t<span class=\"elementor-post-avatar\">\n\t\t\tKeine Kommentare\t\t<\/span>\n\t\t\t\t<\/div>\n\t\t\t\t\t<\/div>\n\t\t<\/article>\n\t\t\t\t<\/div>\n\t\t\n\t\t\t\t\t\t<\/div>\n\t\t\t\t<\/div>\n\t\t\t\t\t<\/div>\n\t\t\t\t<\/div>\n\t\t\t\t<\/div>\n\t\t\t\t<\/div>","protected":false},"excerpt":{"rendered":"<p>Blog<\/p>","protected":false},"author":1,"featured_media":0,"parent":0,"menu_order":0,"comment_status":"closed","ping_status":"closed","template":"","meta":{"footnotes":""},"class_list":["post-943","page","type-page","status-publish","hentry"],"_links":{"self":[{"href":"https:\/\/fannysdesign.com\/de\/wp-json\/wp\/v2\/pages\/943","targetHints":{"allow":["GET"]}}],"collection":[{"href":"https:\/\/fannysdesign.com\/de\/wp-json\/wp\/v2\/pages"}],"about":[{"href":"https:\/\/fannysdesign.com\/de\/wp-json\/wp\/v2\/types\/page"}],"author":[{"embeddable":true,"href":"https:\/\/fannysdesign.com\/de\/wp-json\/wp\/v2\/users\/1"}],"replies":[{"embeddable":true,"href":"https:\/\/fannysdesign.com\/de\/wp-json\/wp\/v2\/comments?post=943"}],"version-history":[{"count":38,"href":"https:\/\/fannysdesign.com\/de\/wp-json\/wp\/v2\/pages\/943\/revisions"}],"predecessor-version":[{"id":2314,"href":"https:\/\/fannysdesign.com\/de\/wp-json\/wp\/v2\/pages\/943\/revisions\/2314"}],"wp:attachment":[{"href":"https:\/\/fannysdesign.com\/de\/wp-json\/wp\/v2\/media?parent=943"}],"curies":[{"name":"wp","href":"https:\/\/api.w.org\/{rel}","templated":true}]}}