{"id":255,"date":"2024-02-13T15:27:54","date_gmt":"2024-02-13T14:27:54","guid":{"rendered":"https:\/\/fannysdesign.com\/?page_id=255"},"modified":"2025-08-25T13:13:12","modified_gmt":"2025-08-25T11:13:12","slug":"rolam","status":"publish","type":"page","link":"https:\/\/fannysdesign.com\/de\/rolam\/","title":{"rendered":"\u00dcber mich"},"content":{"rendered":"<div data-elementor-type=\"wp-page\" data-elementor-id=\"255\" class=\"elementor elementor-255\" data-elementor-post-type=\"page\">\n\t\t\t\t<div class=\"elementor-element elementor-element-18f30fd gradient-background-hero e-flex e-con-boxed e-con e-child\" data-id=\"18f30fd\" data-element_type=\"container\" data-e-type=\"container\" id=\"1\" data-settings=\"{&quot;background_background&quot;:&quot;classic&quot;}\">\n\t\t\t\t\t<div class=\"e-con-inner\">\n\t\t<div class=\"elementor-element elementor-element-b2c7cd6 e-flex e-con-boxed e-con e-child\" data-id=\"b2c7cd6\" data-element_type=\"container\" data-e-type=\"container\">\n\t\t\t\t\t<div class=\"e-con-inner\">\n\t\t\t\t<div class=\"elementor-element elementor-element-daf9a4e elementor-widget elementor-widget-heading\" data-id=\"daf9a4e\" data-element_type=\"widget\" data-e-type=\"widget\" data-widget_type=\"heading.default\">\n\t\t\t\t<div class=\"elementor-widget-container\">\n\t\t\t\t\t<h1 class=\"elementor-heading-title elementor-size-default\">\u00dcber mich<\/h1>\t\t\t\t<\/div>\n\t\t\t\t<\/div>\n\t\t\t\t\t<\/div>\n\t\t\t\t<\/div>\n\t\t\t\t\t<\/div>\n\t\t\t\t<\/div>\n\t\t<div class=\"elementor-element elementor-element-42163262 e-flex e-con-boxed e-con e-parent\" data-id=\"42163262\" data-element_type=\"container\" data-e-type=\"container\" data-settings=\"{&quot;background_background&quot;:&quot;classic&quot;}\">\n\t\t\t\t\t<div class=\"e-con-inner\">\n\t\t<div class=\"elementor-element elementor-element-b6febf3 e-con-full e-flex e-con e-child\" data-id=\"b6febf3\" data-element_type=\"container\" data-e-type=\"container\">\n\t\t<div class=\"elementor-element elementor-element-1f9016df e-con-full gradient-drop-shadow animated-slow e-flex elementor-invisible e-con e-child\" data-id=\"1f9016df\" data-element_type=\"container\" data-e-type=\"container\" data-settings=\"{&quot;background_background&quot;:&quot;classic&quot;,&quot;animation&quot;:&quot;fadeIn&quot;}\">\n\t\t<div class=\"elementor-element elementor-element-2a69b9ba e-con-full e-flex e-con e-child\" data-id=\"2a69b9ba\" data-element_type=\"container\" data-e-type=\"container\" data-settings=\"{&quot;background_background&quot;:&quot;classic&quot;}\">\n\t\t\t\t<\/div>\n\t\t<div class=\"elementor-element elementor-element-505cd128 e-flex e-con-boxed e-con e-child\" data-id=\"505cd128\" data-element_type=\"container\" data-e-type=\"container\">\n\t\t\t\t\t<div class=\"e-con-inner\">\n\t\t\t\t<div class=\"elementor-element elementor-element-1fcd5990 elementor-widget elementor-widget-heading\" data-id=\"1fcd5990\" data-element_type=\"widget\" data-e-type=\"widget\" data-widget_type=\"heading.default\">\n\t\t\t\t<div class=\"elementor-widget-container\">\n\t\t\t\t\t<h2 class=\"elementor-heading-title elementor-size-default\">Hallo, Ich bin Fanny!<\/h2>\t\t\t\t<\/div>\n\t\t\t\t<\/div>\n\t\t\t\t<div class=\"elementor-element elementor-element-771130af elementor-widget elementor-widget-text-editor\" data-id=\"771130af\" data-element_type=\"widget\" data-e-type=\"widget\" data-widget_type=\"text-editor.default\">\n\t\t\t\t<div class=\"elementor-widget-container\">\n\t\t\t\t\t\t\t\t\t<p class=\"\" data-start=\"165\" data-end=\"346\">Gyerekkorom \u00f3ta vonz a m\u0171v\u00e9szet vil\u00e1ga \u2013 ami\u00f3ta csak eml\u00e9kszem, mindig rajzoltam. Kezdetben ceruz\u00e1val \u00e9s filctollal, k\u00e9s\u0151bb pedig digit\u00e1lisan, iPad-en \u00e9lhettem ki a kreativit\u00e1somat.<\/p><p class=\"\" data-start=\"348\" data-end=\"763\">Eredetileg divattervez\u0151k\u00e9nt v\u00e9geztem, \u00e9s k\u00f6zel t\u00edz \u00e9vig dolgoztam illusztr\u00e1tork\u00e9nt, mik\u00f6zben az \u00e9let sokf\u00e9le ir\u00e1nyba sodort. K\u00e9t \u00e9ve fordultam a webdesign fel\u00e9, ami r\u00f6gt\u00f6n mag\u00e1val ragadott. Kezdetben kisebb k\u00e9pz\u00e9seken vettem r\u00e9szt, majd elv\u00e9geztem egy \u00e1tfog\u00f3 kurzust, hogy komolyabban is belev\u00e1ghassak ebbe a vil\u00e1gba. Az\u00f3ta is folyamatosan fejlesztem magam \u2013 hiszem, hogy ebben a szakm\u00e1ban a tanul\u00e1s sosem \u00e9r v\u00e9get.<\/p><p class=\"\" data-start=\"765\" data-end=\"1069\">A weboldalk\u00e9sz\u00edt\u00e9s sor\u00e1n els\u0151sorban a vizu\u00e1lis tervez\u00e9s az er\u0151ss\u00e9gem, de technikai oldalr\u00f3l is biztos alapokon dolgozom. A frontend \u00e9s a backend n\u00e1lam k\u00e9z a k\u00e9zben j\u00e1r \u2013 mert egy j\u00f3 weboldal nemcsak sz\u00e9p, hanem stabilan m\u0171k\u00f6dik is. Ez az egyens\u00faly az, ami igaz\u00e1n izgalmass\u00e1 teszi sz\u00e1momra ezt a hivat\u00e1st.<\/p>\t\t\t\t\t\t\t\t<\/div>\n\t\t\t\t<\/div>\n\t\t\t\t<div class=\"elementor-element elementor-element-6835a09e gradient-hover elementor-mobile-align-center elementor-tablet-align-center elementor-widget elementor-widget-button\" data-id=\"6835a09e\" data-element_type=\"widget\" data-e-type=\"widget\" id=\"tovabb-rolam\" data-widget_type=\"button.default\">\n\t\t\t\t<div class=\"elementor-widget-container\">\n\t\t\t\t\t\t\t\t\t<div class=\"elementor-button-wrapper\">\n\t\t\t\t\t<a class=\"elementor-button elementor-button-link elementor-size-sm\" href=\"#miert-a-weboldalak\">\n\t\t\t\t\t\t<span class=\"elementor-button-content-wrapper\">\n\t\t\t\t\t\t<span class=\"elementor-button-icon\">\n\t\t\t\t<svg aria-hidden=\"true\" class=\"e-font-icon-svg e-fas-angle-right\" viewbox=\"0 0 256 512\" xmlns=\"http:\/\/www.w3.org\/2000\/svg\"><path d=\"M224.3 273l-136 136c-9.4 9.4-24.6 9.4-33.9 0l-22.6-22.6c-9.4-9.4-9.4-24.6 0-33.9l96.4-96.4-96.4-96.4c-9.4-9.4-9.4-24.6 0-33.9L54.3 103c9.4-9.4 24.6-9.4 33.9 0l136 136c9.5 9.4 9.5 24.6.1 34z\"><\/path><\/svg>\t\t\t<\/span>\n\t\t\t\t\t\t\t\t\t<span class=\"elementor-button-text\">Mi\u00e9rt a weboldalak?<\/span>\n\t\t\t\t\t<\/span>\n\t\t\t\t\t<\/a>\n\t\t\t\t<\/div>\n\t\t\t\t\t\t\t\t<\/div>\n\t\t\t\t<\/div>\n\t\t\t\t\t<\/div>\n\t\t\t\t<\/div>\n\t\t\t\t<\/div>\n\t\t\t\t<\/div>\n\t\t\t\t\t<\/div>\n\t\t\t\t<\/div>\n\t\t<div class=\"elementor-element elementor-element-b0b7dd5 e-flex e-con-boxed e-con e-parent\" data-id=\"b0b7dd5\" data-element_type=\"container\" data-e-type=\"container\" id=\"miert-a-weboldalak\" data-settings=\"{&quot;background_background&quot;:&quot;classic&quot;}\">\n\t\t\t\t\t<div class=\"e-con-inner\">\n\t\t<div class=\"elementor-element elementor-element-b955d08 e-con-full animated-slow e-flex elementor-invisible e-con e-child\" data-id=\"b955d08\" data-element_type=\"container\" data-e-type=\"container\" data-settings=\"{&quot;background_background&quot;:&quot;classic&quot;,&quot;animation&quot;:&quot;fadeIn&quot;}\">\n\t\t\t\t<div class=\"elementor-element elementor-element-46d0c80 elementor-widget elementor-widget-heading\" data-id=\"46d0c80\" data-element_type=\"widget\" data-e-type=\"widget\" data-widget_type=\"heading.default\">\n\t\t\t\t<div class=\"elementor-widget-container\">\n\t\t\t\t\t<h2 class=\"elementor-heading-title elementor-size-default\">Mi\u00e9rt a weboldalak?<\/h2>\t\t\t\t<\/div>\n\t\t\t\t<\/div>\n\t\t\t\t<div class=\"elementor-element elementor-element-9a59e8c elementor-widget elementor-widget-text-editor\" data-id=\"9a59e8c\" data-element_type=\"widget\" data-e-type=\"widget\" data-widget_type=\"text-editor.default\">\n\t\t\t\t<div class=\"elementor-widget-container\">\n\t\t\t\t\t\t\t\t\t<p class=\"\" data-start=\"144\" data-end=\"394\">A design mindig is fontos szerepet j\u00e1tszott az \u00e9letemben, de sosem \u00e9reztem el\u00e9gnek, hogy csak a k\u00e9pz\u0151m\u0171v\u00e9szetre koncentr\u00e1ljak. Olyan ter\u00fcletet kerestem, ahol a vizu\u00e1lis gondolkod\u00e1s mellett a rendszerek logik\u00e1j\u00e1t \u00e9s az \u00f6sszef\u00fcgg\u00e9seket is \u00e1tl\u00e1thatom.<\/p><p class=\"\" data-start=\"396\" data-end=\"805\">A weboldalk\u00e9sz\u00edt\u00e9s sz\u00e1momra a kreativit\u00e1s \u00e9s a struktur\u00e1lt gondolkod\u00e1s t\u00f6k\u00e9letes tal\u00e1lkoz\u00e1sa. Az tetszett meg benne legink\u00e1bb, hogy minden projekt \u00faj kih\u00edv\u00e1st jelent \u2013 \u00e9s minden megold\u00e1s egyben tanul\u00e1s is. Nincs olyan, hogy \u201ek\u00e9sz\u201d: mindig van mit finom\u00edtani, fejleszteni, jav\u00edtani \u2013 technikai \u00e9s design szinten egyar\u00e1nt. Ez az \u00e1lland\u00f3 mozg\u00e1s \u00e9s fejl\u0151d\u00e9s az, ami igaz\u00e1n izgalmass\u00e1 teszi sz\u00e1momra ezt a szakm\u00e1t.<\/p>\t\t\t\t\t\t\t\t<\/div>\n\t\t\t\t<\/div>\n\t\t\t\t<div class=\"elementor-element elementor-element-a8cec9b gradient-hover elementor-mobile-align-center elementor-tablet-align-center elementor-widget elementor-widget-button\" data-id=\"a8cec9b\" data-element_type=\"widget\" data-e-type=\"widget\" data-widget_type=\"button.default\">\n\t\t\t\t<div class=\"elementor-widget-container\">\n\t\t\t\t\t\t\t\t\t<div class=\"elementor-button-wrapper\">\n\t\t\t\t\t<a class=\"elementor-button elementor-button-link elementor-size-sm\" href=\"#milyen-a-kozos-munka\">\n\t\t\t\t\t\t<span class=\"elementor-button-content-wrapper\">\n\t\t\t\t\t\t<span class=\"elementor-button-icon\">\n\t\t\t\t<svg aria-hidden=\"true\" class=\"e-font-icon-svg e-fas-angle-right\" viewbox=\"0 0 256 512\" xmlns=\"http:\/\/www.w3.org\/2000\/svg\"><path d=\"M224.3 273l-136 136c-9.4 9.4-24.6 9.4-33.9 0l-22.6-22.6c-9.4-9.4-9.4-24.6 0-33.9l96.4-96.4-96.4-96.4c-9.4-9.4-9.4-24.6 0-33.9L54.3 103c9.4-9.4 24.6-9.4 33.9 0l136 136c9.5 9.4 9.5 24.6.1 34z\"><\/path><\/svg>\t\t\t<\/span>\n\t\t\t\t\t\t\t\t\t<span class=\"elementor-button-text\">Milyen lesz a k\u00f6z\u00f6s munka?<\/span>\n\t\t\t\t\t<\/span>\n\t\t\t\t\t<\/a>\n\t\t\t\t<\/div>\n\t\t\t\t\t\t\t\t<\/div>\n\t\t\t\t<\/div>\n\t\t\t\t<div class=\"elementor-element elementor-element-667784e elementor-widget elementor-widget-menu-anchor\" data-id=\"667784e\" data-element_type=\"widget\" data-e-type=\"widget\" data-widget_type=\"menu-anchor.default\">\n\t\t\t\t<div class=\"elementor-widget-container\">\n\t\t\t\t\t\t\t<div class=\"elementor-menu-anchor\" id=\"milyen-a-kozos-munka\"><\/div>\n\t\t\t\t\t\t<\/div>\n\t\t\t\t<\/div>\n\t\t\t\t<\/div>\n\t\t<div class=\"elementor-element elementor-element-03ef558 e-con-full animated-slow e-flex elementor-invisible e-con e-child\" data-id=\"03ef558\" data-element_type=\"container\" data-e-type=\"container\" data-settings=\"{&quot;animation&quot;:&quot;fadeIn&quot;,&quot;animation_delay&quot;:200,&quot;background_background&quot;:&quot;classic&quot;}\">\n\t\t\t\t<\/div>\n\t\t\t\t\t<\/div>\n\t\t\t\t<\/div>\n\t\t<div class=\"elementor-element elementor-element-516863d gradient-background e-flex e-con-boxed e-con e-parent\" data-id=\"516863d\" data-element_type=\"container\" data-e-type=\"container\" data-settings=\"{&quot;background_background&quot;:&quot;classic&quot;}\">\n\t\t\t\t\t<div class=\"e-con-inner\">\n\t\t<div class=\"elementor-element elementor-element-0bea7a7 e-con-full animated-slow e-flex elementor-invisible e-con e-child\" data-id=\"0bea7a7\" data-element_type=\"container\" data-e-type=\"container\" data-settings=\"{&quot;animation&quot;:&quot;fadeIn&quot;,&quot;animation_delay&quot;:600,&quot;background_background&quot;:&quot;classic&quot;}\">\n\t\t\t\t<\/div>\n\t\t<div class=\"elementor-element elementor-element-ce38829 e-con-full animated-slow e-flex elementor-invisible e-con e-child\" data-id=\"ce38829\" data-element_type=\"container\" data-e-type=\"container\" data-settings=\"{&quot;animation&quot;:&quot;fadeIn&quot;,&quot;animation_delay&quot;:400}\">\n\t\t\t\t<div class=\"elementor-element elementor-element-e0c1a0e elementor-widget elementor-widget-heading\" data-id=\"e0c1a0e\" data-element_type=\"widget\" data-e-type=\"widget\" data-widget_type=\"heading.default\">\n\t\t\t\t<div class=\"elementor-widget-container\">\n\t\t\t\t\t<h2 class=\"elementor-heading-title elementor-size-default\">Milyen lesz a k\u00f6z\u00f6s munka?<\/h2>\t\t\t\t<\/div>\n\t\t\t\t<\/div>\n\t\t\t\t<div class=\"elementor-element elementor-element-21a9f93 elementor-widget elementor-widget-text-editor\" data-id=\"21a9f93\" data-element_type=\"widget\" data-e-type=\"widget\" data-widget_type=\"text-editor.default\">\n\t\t\t\t<div class=\"elementor-widget-container\">\n\t\t\t\t\t\t\t\t\t<p class=\"\" data-start=\"137\" data-end=\"388\">Sz\u00e1momra kiemelten fontos, hogy az \u00fcgyfeleim biztons\u00e1gban \u00e9s megbecs\u00fclve \u00e9rezz\u00e9k magukat a k\u00f6z\u00f6s munka sor\u00e1n. Minden projekt egyedi, ez\u00e9rt mindig id\u0151t sz\u00e1nok arra, hogy alaposan meg\u00e9rtsem a weboldal c\u00e9lj\u00e1t \u2013 azt az ir\u00e1nyt, ahov\u00e1 el szeretn\u00e9nk jutni.<\/p><p class=\"\" data-start=\"390\" data-end=\"609\">Az odavezet\u0151 \u00fat sok kisebb l\u00e9p\u00e9sb\u0151l \u00e1ll, de egyik sem kev\u00e9sb\u00e9 fontos a m\u00e1sikn\u00e1l. Az \u00e1tgondolt tervez\u00e9st prec\u00edz kivitelez\u00e9s k\u00f6veti, majd r\u00e9szletes tesztel\u00e9s, mindv\u00e9gig szoros egy\u00fcttm\u0171k\u00f6d\u00e9sben, folyamatos egyeztet\u00e9ssel.<\/p><p class=\"\" data-start=\"611\" data-end=\"787\">N\u00e1lam nincsenek &#8222;rossz k\u00e9rd\u00e9sek&#8221; \u2013 minden visszajelz\u00e9s \u00e9rt\u00e9kes, hiszen k\u00f6z\u00f6s c\u00e9lunk, hogy olyan v\u00e9geredm\u00e9ny sz\u00fclessen, ami val\u00f3ban m\u0171k\u00f6dik, \u00e9s mindk\u00e9t f\u00e9l b\u00fcszk\u00e9n tekinthet r\u00e1.<\/p>\t\t\t\t\t\t\t\t<\/div>\n\t\t\t\t<\/div>\n\t\t\t\t<div class=\"elementor-element elementor-element-598c401 gradient-hover elementor-mobile-align-center elementor-tablet-align-center elementor-widget elementor-widget-button\" data-id=\"598c401\" data-element_type=\"widget\" data-e-type=\"widget\" data-widget_type=\"button.default\">\n\t\t\t\t<div class=\"elementor-widget-container\">\n\t\t\t\t\t\t\t\t\t<div class=\"elementor-button-wrapper\">\n\t\t\t\t\t<a class=\"elementor-button elementor-button-link elementor-size-sm\" href=\"#miert-dolgozz-velem\">\n\t\t\t\t\t\t<span class=\"elementor-button-content-wrapper\">\n\t\t\t\t\t\t<span class=\"elementor-button-icon\">\n\t\t\t\t<svg aria-hidden=\"true\" class=\"e-font-icon-svg e-fas-angle-right\" viewbox=\"0 0 256 512\" xmlns=\"http:\/\/www.w3.org\/2000\/svg\"><path d=\"M224.3 273l-136 136c-9.4 9.4-24.6 9.4-33.9 0l-22.6-22.6c-9.4-9.4-9.4-24.6 0-33.9l96.4-96.4-96.4-96.4c-9.4-9.4-9.4-24.6 0-33.9L54.3 103c9.4-9.4 24.6-9.4 33.9 0l136 136c9.5 9.4 9.5 24.6.1 34z\"><\/path><\/svg>\t\t\t<\/span>\n\t\t\t\t\t\t\t\t\t<span class=\"elementor-button-text\">Warum mit mir arbeiten?<\/span>\n\t\t\t\t\t<\/span>\n\t\t\t\t\t<\/a>\n\t\t\t\t<\/div>\n\t\t\t\t\t\t\t\t<\/div>\n\t\t\t\t<\/div>\n\t\t\t\t<\/div>\n\t\t\t\t\t<\/div>\n\t\t\t\t<\/div>\n\t\t<div class=\"elementor-element elementor-element-ffc8e58 e-flex e-con-boxed e-con e-parent\" data-id=\"ffc8e58\" data-element_type=\"container\" data-e-type=\"container\" id=\"miert-dolgozz-velem\" data-settings=\"{&quot;background_background&quot;:&quot;classic&quot;}\">\n\t\t\t\t\t<div class=\"e-con-inner\">\n\t\t<div class=\"elementor-element elementor-element-6dbc70b e-con-full e-flex e-con e-child\" data-id=\"6dbc70b\" data-element_type=\"container\" data-e-type=\"container\" data-settings=\"{&quot;background_background&quot;:&quot;classic&quot;}\">\n\t\t\t\t<\/div>\n\t\t<div class=\"elementor-element elementor-element-60002ce e-con-full e-flex e-con e-child\" data-id=\"60002ce\" data-element_type=\"container\" data-e-type=\"container\" data-settings=\"{&quot;background_background&quot;:&quot;classic&quot;}\">\n\t\t<div class=\"elementor-element elementor-element-7b77707 e-con-full e-flex e-con e-child\" data-id=\"7b77707\" data-element_type=\"container\" data-e-type=\"container\">\n\t\t\t\t<div class=\"elementor-element elementor-element-68f6c78 elementor-widget__width-initial animated-slow elementor-invisible elementor-widget elementor-widget-heading\" data-id=\"68f6c78\" data-element_type=\"widget\" data-e-type=\"widget\" data-settings=\"{&quot;_animation&quot;:&quot;fadeIn&quot;}\" data-widget_type=\"heading.default\">\n\t\t\t\t<div class=\"elementor-widget-container\">\n\t\t\t\t\t<h2 class=\"elementor-heading-title elementor-size-default\">Mi\u00e9rt \u00e9rdemes velem dolgoznod a weboldaladon?<\/h2>\t\t\t\t<\/div>\n\t\t\t\t<\/div>\n\t\t\t\t<\/div>\n\t\t<div class=\"elementor-element elementor-element-d6ac710 e-con-full animated-slow e-flex elementor-invisible e-con e-child\" data-id=\"d6ac710\" data-element_type=\"container\" data-e-type=\"container\" data-settings=\"{&quot;animation&quot;:&quot;fadeIn&quot;,&quot;animation_delay&quot;:40}\">\n\t\t\t\t<div class=\"elementor-element elementor-element-eebb07a elementor-widget__width-initial elementor-widget elementor-widget-text-editor\" data-id=\"eebb07a\" data-element_type=\"widget\" data-e-type=\"widget\" data-widget_type=\"text-editor.default\">\n\t\t\t\t<div class=\"elementor-widget-container\">\n\t\t\t\t\t\t\t\t\t<p data-start=\"176\" data-end=\"612\">Az audit sor\u00e1n alaposan \u00e1tvizsg\u00e1lom a weboldalad minden fontos ter\u00fclet\u00e9t. Els\u0151k\u00e9nt technikai szempontb\u00f3l ellen\u0151rz\u00f6m a m\u0171k\u00f6d\u00e9st: megn\u00e9zem, mennyire gyorsan t\u00f6lt be az oldal, mobilbar\u00e1t-e, illetve vannak-e biztons\u00e1gi vagy m\u0171k\u00f6d\u00e9si hib\u00e1k. Ezt k\u00f6vet\u0151en a design \u00e9s a felhaszn\u00e1l\u00f3i \u00e9lm\u00e9ny (UX) ker\u00fcl f\u00f3kuszba \u2013 azt vizsg\u00e1lom, mennyire \u00e1tl\u00e1that\u00f3 az oldal fel\u00e9p\u00edt\u00e9se, j\u00f3l vezeti-e a l\u00e1togat\u00f3t, \u00e9s mennyire felel meg a mai vizu\u00e1lis elv\u00e1r\u00e1soknak.<\/p><p data-start=\"614\" data-end=\"957\">Fontos r\u00e9sze az auditnak a tartalmi elemz\u00e9s is: \u00e9rt\u00e9kelem a sz\u00f6vegek st\u00edlus\u00e1t, \u00e9rthet\u0151s\u00e9g\u00e9t, valamint azt, hogy mennyire vannak j\u00f3l elhelyezve a kulcsszavak \u00e9s a cselekv\u00e9sre \u00f6szt\u00f6nz\u0151 elemek (CTA-k). A keres\u0151optimaliz\u00e1l\u00e1si alapokat is \u00e1tn\u00e9zem \u2013 p\u00e9ld\u00e1ul az oldalc\u00edmeket, meta le\u00edr\u00e1sokat, c\u00edmsorstrukt\u00far\u00e1t, k\u00e9pek elnevez\u00e9s\u00e9t \u00e9s a bels\u0151 linkel\u00e9st.<\/p><p data-start=\"959\" data-end=\"1178\">Az audit v\u00e9g\u00e9n k\u00e9zzel foghat\u00f3, k\u00f6z\u00e9rthet\u0151 visszajelz\u00e9st kapsz t\u0151lem: egy \u00f6sszefoglal\u00f3t arr\u00f3l, mi m\u0171k\u00f6dik j\u00f3l az oldaladon, hol vannak hib\u00e1k vagy fejleszt\u00e9si lehet\u0151s\u00e9gek, \u00e9s konkr\u00e9t javaslatokat is adok a tov\u00e1bbl\u00e9p\u00e9shez.<\/p>\t\t\t\t\t\t\t\t<\/div>\n\t\t\t\t<\/div>\n\t\t\t\t<div class=\"elementor-element elementor-element-2cee67a gradient-hover elementor-align-left elementor-widget elementor-widget-button\" data-id=\"2cee67a\" data-element_type=\"widget\" data-e-type=\"widget\" data-widget_type=\"button.default\">\n\t\t\t\t<div class=\"elementor-widget-container\">\n\t\t\t\t\t\t\t\t\t<div class=\"elementor-button-wrapper\">\n\t\t\t\t\t<a class=\"elementor-button elementor-button-link elementor-size-sm\" href=\"https:\/\/fannysdesign.com\/de\/kapcsolat\/\">\n\t\t\t\t\t\t<span class=\"elementor-button-content-wrapper\">\n\t\t\t\t\t\t<span class=\"elementor-button-icon\">\n\t\t\t\t<svg aria-hidden=\"true\" class=\"e-font-icon-svg e-fas-angle-right\" viewbox=\"0 0 256 512\" xmlns=\"http:\/\/www.w3.org\/2000\/svg\"><path d=\"M224.3 273l-136 136c-9.4 9.4-24.6 9.4-33.9 0l-22.6-22.6c-9.4-9.4-9.4-24.6 0-33.9l96.4-96.4-96.4-96.4c-9.4-9.4-9.4-24.6 0-33.9L54.3 103c9.4-9.4 24.6-9.4 33.9 0l136 136c9.5 9.4 9.5 24.6.1 34z\"><\/path><\/svg>\t\t\t<\/span>\n\t\t\t\t\t\t\t\t\t<span class=\"elementor-button-text\">Ich bitte um ein Angebot<\/span>\n\t\t\t\t\t<\/span>\n\t\t\t\t\t<\/a>\n\t\t\t\t<\/div>\n\t\t\t\t\t\t\t\t<\/div>\n\t\t\t\t<\/div>\n\t\t\t\t<\/div>\n\t\t\t\t<\/div>\n\t\t\t\t\t<\/div>\n\t\t\t\t<\/div>\n\t\t\t\t<\/div>","protected":false},"excerpt":{"rendered":"<p>R\u00f3lam Szia, Fanny vagyok! Gyerekkorom \u00f3ta vonz a m\u0171v\u00e9szet vil\u00e1ga \u2013 ami\u00f3ta csak eml\u00e9kszem, mindig rajzoltam. Kezdetben ceruz\u00e1val \u00e9s filctollal, k\u00e9s\u0151bb pedig digit\u00e1lisan, iPad-en \u00e9lhettem ki a kreativit\u00e1somat. Eredetileg divattervez\u0151k\u00e9nt v\u00e9geztem, \u00e9s k\u00f6zel t\u00edz \u00e9vig dolgoztam illusztr\u00e1tork\u00e9nt, mik\u00f6zben az \u00e9let sokf\u00e9le ir\u00e1nyba sodort. K\u00e9t \u00e9ve fordultam a webdesign fel\u00e9, ami r\u00f6gt\u00f6n mag\u00e1val ragadott. Kezdetben kisebb [&hellip;]<\/p>\n","protected":false},"author":1,"featured_media":0,"parent":0,"menu_order":0,"comment_status":"closed","ping_status":"closed","template":"","meta":{"footnotes":""},"class_list":["post-255","page","type-page","status-publish","hentry"],"_links":{"self":[{"href":"https:\/\/fannysdesign.com\/de\/wp-json\/wp\/v2\/pages\/255","targetHints":{"allow":["GET"]}}],"collection":[{"href":"https:\/\/fannysdesign.com\/de\/wp-json\/wp\/v2\/pages"}],"about":[{"href":"https:\/\/fannysdesign.com\/de\/wp-json\/wp\/v2\/types\/page"}],"author":[{"embeddable":true,"href":"https:\/\/fannysdesign.com\/de\/wp-json\/wp\/v2\/users\/1"}],"replies":[{"embeddable":true,"href":"https:\/\/fannysdesign.com\/de\/wp-json\/wp\/v2\/comments?post=255"}],"version-history":[{"count":94,"href":"https:\/\/fannysdesign.com\/de\/wp-json\/wp\/v2\/pages\/255\/revisions"}],"predecessor-version":[{"id":2036,"href":"https:\/\/fannysdesign.com\/de\/wp-json\/wp\/v2\/pages\/255\/revisions\/2036"}],"wp:attachment":[{"href":"https:\/\/fannysdesign.com\/de\/wp-json\/wp\/v2\/media?parent=255"}],"curies":[{"name":"wp","href":"https:\/\/api.w.org\/{rel}","templated":true}]}}